{"id":352,"date":"2017-01-22T22:51:31","date_gmt":"2017-01-22T22:51:31","guid":{"rendered":"http:\/\/brodardsearch.com\/?page_id=352"},"modified":"2019-06-27T13:37:55","modified_gmt":"2019-06-27T13:37:55","slug":"commitment","status":"publish","type":"page","link":"https:\/\/brodardsearch.com\/fr\/commitment\/","title":{"rendered":"Commitment"},"content":{"rendered":"[vc_row type=\u00a0\u00bbfull_width_background\u00a0\u00bb full_screen_row_position=\u00a0\u00bbmiddle\u00a0\u00bb bg_color=\u00a0\u00bb#ffffff\u00a0\u00bb scene_position=\u00a0\u00bbcenter\u00a0\u00bb text_color=\u00a0\u00bbdark\u00a0\u00bb text_align=\u00a0\u00bbleft\u00a0\u00bb top_padding=\u00a0\u00bb50&Prime; bottom_padding=\u00a0\u00bb25&Prime; overlay_strength=\u00a0\u00bb0.3&Prime;][vc_column column_padding=\u00a0\u00bbno-extra-padding\u00a0\u00bb column_padding_position=\u00a0\u00bball\u00a0\u00bb background_color_opacity=\u00a0\u00bb1&Prime; background_hover_color_opacity=\u00a0\u00bb1&Prime; width=\u00a0\u00bb1\/6&Prime; tablet_text_alignment=\u00a0\u00bbdefault\u00a0\u00bb phone_text_alignment=\u00a0\u00bbdefault\u00a0\u00bb][\/vc_column][vc_column centered_text=\u00a0\u00bbtrue\u00a0\u00bb column_padding=\u00a0\u00bbno-extra-padding\u00a0\u00bb column_padding_position=\u00a0\u00bball\u00a0\u00bb background_color_opacity=\u00a0\u00bb1&Prime; background_hover_color_opacity=\u00a0\u00bb1&Prime; width=\u00a0\u00bb2\/3&Prime; tablet_text_alignment=\u00a0\u00bbdefault\u00a0\u00bb phone_text_alignment=\u00a0\u00bbdefault\u00a0\u00bb][vc_column_text]\n<h2>Notre engagement<\/h2>\n[\/vc_column_text][divider line_type=\u00a0\u00bbSmall Line\u00a0\u00bb line_thickness=\u00a0\u00bb3&Prime; divider_color=\u00a0\u00bbaccent-color\u00a0\u00bb animate=\u00a0\u00bbyes\u00a0\u00bb custom_height=\u00a0\u00bb30&Prime; custom_line_width=\u00a0\u00bb120&Prime;][\/vc_column][vc_column column_padding=\u00a0\u00bbno-extra-padding\u00a0\u00bb column_padding_position=\u00a0\u00bball\u00a0\u00bb background_color_opacity=\u00a0\u00bb1&Prime; background_hover_color_opacity=\u00a0\u00bb1&Prime; width=\u00a0\u00bb1\/6&Prime; tablet_text_alignment=\u00a0\u00bbdefault\u00a0\u00bb phone_text_alignment=\u00a0\u00bbdefault\u00a0\u00bb][\/vc_column][\/vc_row][vc_row type=\u00a0\u00bbfull_width_background\u00a0\u00bb full_screen_row_position=\u00a0\u00bbmiddle\u00a0\u00bb bg_color=\u00a0\u00bb#ffffff\u00a0\u00bb scene_position=\u00a0\u00bbcenter\u00a0\u00bb text_color=\u00a0\u00bbdark\u00a0\u00bb text_align=\u00a0\u00bbleft\u00a0\u00bb bottom_padding=\u00a0\u00bb75&Prime; row_name=\u00a0\u00bbSign Up Steps\u00a0\u00bb overlay_strength=\u00a0\u00bb0.3&Prime;][vc_column column_padding=\u00a0\u00bbno-extra-padding\u00a0\u00bb column_padding_position=\u00a0\u00bball\u00a0\u00bb background_color_opacity=\u00a0\u00bb1&Prime; background_hover_color_opacity=\u00a0\u00bb1&Prime; width=\u00a0\u00bb1\/6&Prime; tablet_text_alignment=\u00a0\u00bbdefault\u00a0\u00bb phone_text_alignment=\u00a0\u00bbdefault\u00a0\u00bb][\/vc_column][vc_column column_padding=\u00a0\u00bbno-extra-padding\u00a0\u00bb column_padding_position=\u00a0\u00bball\u00a0\u00bb background_color_opacity=\u00a0\u00bb1&Prime; background_hover_color_opacity=\u00a0\u00bb1&Prime; width=\u00a0\u00bb2\/3&Prime; tablet_text_alignment=\u00a0\u00bbdefault\u00a0\u00bb phone_text_alignment=\u00a0\u00bbdefault\u00a0\u00bb][nectar_icon_list color=\u00a0\u00bbdefault\u00a0\u00bb icon_size=\u00a0\u00bbsmall\u00a0\u00bb icon_style=\u00a0\u00bbborder\u00a0\u00bb][nectar_icon_list_item icon_type=\u00a0\u00bbnumerical\u00a0\u00bb title=\u00a0\u00bbList Item\u00a0\u00bb id=\u00a0\u00bb1469496324-1-68&Prime; tab_id=\u00a0\u00bb1469496380463-10&Prime; header=\u00a0\u00bbPriorit\u00e9 absolue\u00a0\u00bb text=\u00a0\u00bbNous sommes passionn\u00e9s par notre m\u00e9tier et nous consacrons le temps n\u00e9cessaire pour \u00e9tablir une relation de proximit\u00e9, de confiance et p\u00e9renne. En d\u00e9veloppant une connaissance approfondie de votre approche, vos attentes et vos objectifs, nous gagnerons votre confiance en tant que partenaire et d\u00e9fenseur de vos int\u00e9r\u00eats. Nous vous consacrerons toujours notre pleine attention.\u00a0\u00bb] [\/nectar_icon_list_item][nectar_icon_list_item icon_type=\u00a0\u00bbnumerical\u00a0\u00bb title=\u00a0\u00bbList Item\u00a0\u00bb id=\u00a0\u00bb1469496324-2-0&Prime; tab_id=\u00a0\u00bb1469496380621-2&Prime; header=\u00a0\u00bbLa franchise et rien d&rsquo;autre\u00a0\u00bb text=\u00a0\u00bbNos clients appr\u00e9cient notre approche directe. En collaborant avec nous, vous aurez le plaisir de travailler avec des professionnels d\u00e9di\u00e9s, cultivant l\u2019int\u00e9grit\u00e9 et la transparence.\u00a0\u00bb] [\/nectar_icon_list_item][nectar_icon_list_item icon_type=\u00a0\u00bbnumerical\u00a0\u00bb title=\u00a0\u00bbList Item\u00a0\u00bb id=\u00a0\u00bb1469496416450-0-9&Prime; tab_id=\u00a0\u00bb1469496416453-9&Prime; header=\u00a0\u00bbUn partenariat pr\u00e9cieux\u00a0\u00bb text=\u00a0\u00bbNotre service personnalis\u00e9 repose sur la collaboration, ainsi que la compr\u00e9hension de vos besoins. Les entreprises appr\u00e9cient notre aptitude \u00e0 identifier les meilleurs candidats, en nous assurant que chaque profil retenu pour un entretien soit parfaitement \u2018en ligne\u2019 avec vos attentes. Nous accompagnons par ailleurs les candidats dans leurs d\u00e9marches, du conseil portant sur leur biographie et leur CV, \u00e0 la pr\u00e9paration aux entretiens et enfin \u00e0 la n\u00e9gociation d&rsquo;une offre comp\u00e9titive.\u00a0\u00bb][\/nectar_icon_list_item][nectar_icon_list_item icon_type=\u00a0\u00bbnumerical\u00a0\u00bb title=\u00a0\u00bbList Item\u00a0\u00bb id=\u00a0\u00bb1471369912595-0-3&Prime; tab_id=\u00a0\u00bb1471369912598-9&Prime; header=\u00a0\u00bbExcellents r\u00e9sultats \u00a0\u00bb text=\u00a0\u00bbNous vous assurons de notre plein engagement, votre satisfaction restera toujours notre priorit\u00e9. A chaque \u00e9tape, nous mettons \u00e0 profit notre jugement, notre exp\u00e9rience et notre r\u00e9seau, avec pour r\u00e9sultat un taux de r\u00e9ussite tr\u00e8s \u00e9lev\u00e9. \u00ab\u00a0][\/nectar_icon_list_item][\/nectar_icon_list][\/vc_column][vc_column column_padding=\u00a0\u00bbno-extra-padding\u00a0\u00bb column_padding_position=\u00a0\u00bball\u00a0\u00bb background_color_opacity=\u00a0\u00bb1&Prime; background_hover_color_opacity=\u00a0\u00bb1&Prime; width=\u00a0\u00bb1\/6&Prime; tablet_text_alignment=\u00a0\u00bbdefault\u00a0\u00bb phone_text_alignment=\u00a0\u00bbdefault\u00a0\u00bb][\/vc_column][\/vc_row][vc_row type=\u00a0\u00bbin_container\u00a0\u00bb full_screen_row_position=\u00a0\u00bbmiddle\u00a0\u00bb scene_position=\u00a0\u00bbcenter\u00a0\u00bb text_color=\u00a0\u00bbdark\u00a0\u00bb text_align=\u00a0\u00bbleft\u00a0\u00bb overlay_strength=\u00a0\u00bb0.3&Prime;][vc_column column_padding=\u00a0\u00bbno-extra-padding\u00a0\u00bb column_padding_position=\u00a0\u00bball\u00a0\u00bb background_color_opacity=\u00a0\u00bb1&Prime; background_hover_color_opacity=\u00a0\u00bb1&Prime; width=\u00a0\u00bb1\/1&Prime; tablet_text_alignment=\u00a0\u00bbdefault\u00a0\u00bb phone_text_alignment=\u00a0\u00bbdefault\u00a0\u00bb][vc_widget_sidebar sidebar_id=\u00a0\u00bbpage-sidebar\u00a0\u00bb][\/vc_column][\/vc_row]\n","protected":false},"excerpt":{"rendered":"<p>[vc_row type=\u00a0\u00bbfull_width_background\u00a0\u00bb full_screen_row_position=\u00a0\u00bbmiddle\u00a0\u00bb bg_color=\u00a0\u00bb#ffffff\u00a0\u00bb scene_position=\u00a0\u00bbcenter\u00a0\u00bb text_color=\u00a0\u00bbdark\u00a0\u00bb text_align=\u00a0\u00bbleft\u00a0\u00bb top_padding=\u00a0\u00bb50&Prime; bottom_padding=\u00a0\u00bb25&Prime; overlay_strength=\u00a0\u00bb0.3&Prime;][vc_column column_padding=\u00a0\u00bbno-extra-padding\u00a0\u00bb column_padding_position=\u00a0\u00bball\u00a0\u00bb background_color_opacity=\u00a0\u00bb1&Prime; background_hover_color_opacity=\u00a0\u00bb1&Prime; width=\u00a0\u00bb1\/6&Prime; tablet_text_alignment=\u00a0\u00bbdefault\u00a0\u00bb phone_text_alignment=\u00a0\u00bbdefault\u00a0\u00bb][\/vc_column][vc_column centered_text=\u00a0\u00bbtrue\u00a0\u00bb column_padding=\u00a0\u00bbno-extra-padding\u00a0\u00bb column_padding_position=\u00a0\u00bball\u00a0\u00bb background_color_opacity=\u00a0\u00bb1&Prime; background_hover_color_opacity=\u00a0\u00bb1&Prime; width=\u00a0\u00bb2\/3&Prime; tablet_text_alignment=\u00a0\u00bbdefault\u00a0\u00bb phone_text_alignment=\u00a0\u00bbdefault\u00a0\u00bb][vc_column_text] Notre engagement [\/vc_column_text][divider line_type=\u00a0\u00bbSmall Line\u00a0\u00bb&#8230;<\/p>\n","protected":false},"author":3,"featured_media":0,"parent":0,"menu_order":0,"comment_status":"closed","ping_status":"closed","template":"","meta":{"footnotes":""},"class_list":["post-352","page","type-page","status-publish"],"yoast_head":"<!-- This site is optimized with the Yoast SEO plugin v27.5 - https:\/\/yoast.com\/product\/yoast-seo-wordpress\/ -->\n<title>Commitment | Brodard Executive Search<\/title>\n<meta name=\"robots\" content=\"index, follow, max-snippet:-1, max-image-preview:large, max-video-preview:-1\" \/>\n<link rel=\"canonical\" href=\"https:\/\/brodardsearch.com\/fr\/commitment\/\" \/>\n<meta property=\"og:locale\" content=\"fr_FR\" \/>\n<meta property=\"og:type\" content=\"article\" \/>\n<meta property=\"og:title\" content=\"Commitment | Brodard Executive Search\" \/>\n<meta property=\"og:description\" content=\"[vc_row type=\u00a0\u00bbfull_width_background\u00a0\u00bb full_screen_row_position=\u00a0\u00bbmiddle\u00a0\u00bb bg_color=\u00a0\u00bb#ffffff\u00a0\u00bb scene_position=\u00a0\u00bbcenter\u00a0\u00bb text_color=\u00a0\u00bbdark\u00a0\u00bb text_align=\u00a0\u00bbleft\u00a0\u00bb top_padding=\u00a0\u00bb50&Prime; bottom_padding=\u00a0\u00bb25&Prime; overlay_strength=\u00a0\u00bb0.3&Prime;][vc_column column_padding=\u00a0\u00bbno-extra-padding\u00a0\u00bb column_padding_position=\u00a0\u00bball\u00a0\u00bb background_color_opacity=\u00a0\u00bb1&Prime; background_hover_color_opacity=\u00a0\u00bb1&Prime; width=\u00a0\u00bb1\/6&Prime; tablet_text_alignment=\u00a0\u00bbdefault\u00a0\u00bb phone_text_alignment=\u00a0\u00bbdefault\u00a0\u00bb][\/vc_column][vc_column centered_text=\u00a0\u00bbtrue\u00a0\u00bb column_padding=\u00a0\u00bbno-extra-padding\u00a0\u00bb column_padding_position=\u00a0\u00bball\u00a0\u00bb background_color_opacity=\u00a0\u00bb1&Prime; background_hover_color_opacity=\u00a0\u00bb1&Prime; width=\u00a0\u00bb2\/3&Prime; tablet_text_alignment=\u00a0\u00bbdefault\u00a0\u00bb phone_text_alignment=\u00a0\u00bbdefault\u00a0\u00bb][vc_column_text] Notre engagement [\/vc_column_text][divider line_type=\u00a0\u00bbSmall Line\u00a0\u00bb...\" \/>\n<meta property=\"og:url\" content=\"https:\/\/brodardsearch.com\/fr\/commitment\/\" \/>\n<meta property=\"og:site_name\" content=\"Brodard Executive Search\" \/>\n<meta property=\"article:modified_time\" content=\"2019-06-27T13:37:55+00:00\" \/>\n<meta name=\"twitter:card\" content=\"summary_large_image\" \/>\n<meta name=\"twitter:label1\" content=\"Dur\u00e9e de lecture estim\u00e9e\" \/>\n\t<meta name=\"twitter:data1\" content=\"3 minutes\" \/>\n<script type=\"application\/ld+json\" class=\"yoast-schema-graph\">{\"@context\":\"https:\\\/\\\/schema.org\",\"@graph\":[{\"@type\":\"WebPage\",\"@id\":\"https:\\\/\\\/brodardsearch.com\\\/fr\\\/commitment\\\/\",\"url\":\"https:\\\/\\\/brodardsearch.com\\\/fr\\\/commitment\\\/\",\"name\":\"Commitment | Brodard Executive Search\",\"isPartOf\":{\"@id\":\"https:\\\/\\\/brodardsearch.com\\\/#website\"},\"datePublished\":\"2017-01-22T22:51:31+00:00\",\"dateModified\":\"2019-06-27T13:37:55+00:00\",\"breadcrumb\":{\"@id\":\"https:\\\/\\\/brodardsearch.com\\\/fr\\\/commitment\\\/#breadcrumb\"},\"inLanguage\":\"fr-FR\",\"potentialAction\":[{\"@type\":\"ReadAction\",\"target\":[\"https:\\\/\\\/brodardsearch.com\\\/fr\\\/commitment\\\/\"]}]},{\"@type\":\"BreadcrumbList\",\"@id\":\"https:\\\/\\\/brodardsearch.com\\\/fr\\\/commitment\\\/#breadcrumb\",\"itemListElement\":[{\"@type\":\"ListItem\",\"position\":1,\"name\":\"Home\",\"item\":\"https:\\\/\\\/brodardsearch.com\\\/fr\\\/home\\\/\"},{\"@type\":\"ListItem\",\"position\":2,\"name\":\"Commitment\"}]},{\"@type\":\"WebSite\",\"@id\":\"https:\\\/\\\/brodardsearch.com\\\/#website\",\"url\":\"https:\\\/\\\/brodardsearch.com\\\/\",\"name\":\"Brodard Executive Search\",\"description\":\"World Class Talent\",\"publisher\":{\"@id\":\"https:\\\/\\\/brodardsearch.com\\\/#organization\"},\"potentialAction\":[{\"@type\":\"SearchAction\",\"target\":{\"@type\":\"EntryPoint\",\"urlTemplate\":\"https:\\\/\\\/brodardsearch.com\\\/?s={search_term_string}\"},\"query-input\":{\"@type\":\"PropertyValueSpecification\",\"valueRequired\":true,\"valueName\":\"search_term_string\"}}],\"inLanguage\":\"fr-FR\"},{\"@type\":\"Organization\",\"@id\":\"https:\\\/\\\/brodardsearch.com\\\/#organization\",\"name\":\"Brodard Executive Search\",\"url\":\"https:\\\/\\\/brodardsearch.com\\\/\",\"logo\":{\"@type\":\"ImageObject\",\"inLanguage\":\"fr-FR\",\"@id\":\"https:\\\/\\\/brodardsearch.com\\\/#\\\/schema\\\/logo\\\/image\\\/\",\"url\":\"https:\\\/\\\/brodardsearch.com\\\/wp-content\\\/uploads\\\/2018\\\/02\\\/siteicon.png\",\"contentUrl\":\"https:\\\/\\\/brodardsearch.com\\\/wp-content\\\/uploads\\\/2018\\\/02\\\/siteicon.png\",\"width\":512,\"height\":512,\"caption\":\"Brodard Executive Search\"},\"image\":{\"@id\":\"https:\\\/\\\/brodardsearch.com\\\/#\\\/schema\\\/logo\\\/image\\\/\"},\"sameAs\":[\"https:\\\/\\\/www.linkedin.com\\\/company\\\/brodard-executive-search\"]}]}<\/script>\n<!-- \/ Yoast SEO plugin. -->","yoast_head_json":{"title":"Commitment | Brodard Executive Search","robots":{"index":"index","follow":"follow","max-snippet":"max-snippet:-1","max-image-preview":"max-image-preview:large","max-video-preview":"max-video-preview:-1"},"canonical":"https:\/\/brodardsearch.com\/fr\/commitment\/","og_locale":"fr_FR","og_type":"article","og_title":"Commitment | Brodard Executive Search","og_description":"[vc_row type=\u00a0\u00bbfull_width_background\u00a0\u00bb full_screen_row_position=\u00a0\u00bbmiddle\u00a0\u00bb bg_color=\u00a0\u00bb#ffffff\u00a0\u00bb scene_position=\u00a0\u00bbcenter\u00a0\u00bb text_color=\u00a0\u00bbdark\u00a0\u00bb text_align=\u00a0\u00bbleft\u00a0\u00bb top_padding=\u00a0\u00bb50&Prime; bottom_padding=\u00a0\u00bb25&Prime; overlay_strength=\u00a0\u00bb0.3&Prime;][vc_column column_padding=\u00a0\u00bbno-extra-padding\u00a0\u00bb column_padding_position=\u00a0\u00bball\u00a0\u00bb background_color_opacity=\u00a0\u00bb1&Prime; background_hover_color_opacity=\u00a0\u00bb1&Prime; width=\u00a0\u00bb1\/6&Prime; tablet_text_alignment=\u00a0\u00bbdefault\u00a0\u00bb phone_text_alignment=\u00a0\u00bbdefault\u00a0\u00bb][\/vc_column][vc_column centered_text=\u00a0\u00bbtrue\u00a0\u00bb column_padding=\u00a0\u00bbno-extra-padding\u00a0\u00bb column_padding_position=\u00a0\u00bball\u00a0\u00bb background_color_opacity=\u00a0\u00bb1&Prime; background_hover_color_opacity=\u00a0\u00bb1&Prime; width=\u00a0\u00bb2\/3&Prime; tablet_text_alignment=\u00a0\u00bbdefault\u00a0\u00bb phone_text_alignment=\u00a0\u00bbdefault\u00a0\u00bb][vc_column_text] Notre engagement [\/vc_column_text][divider line_type=\u00a0\u00bbSmall Line\u00a0\u00bb...","og_url":"https:\/\/brodardsearch.com\/fr\/commitment\/","og_site_name":"Brodard Executive Search","article_modified_time":"2019-06-27T13:37:55+00:00","twitter_card":"summary_large_image","twitter_misc":{"Dur\u00e9e de lecture estim\u00e9e":"3 minutes"},"schema":{"@context":"https:\/\/schema.org","@graph":[{"@type":"WebPage","@id":"https:\/\/brodardsearch.com\/fr\/commitment\/","url":"https:\/\/brodardsearch.com\/fr\/commitment\/","name":"Commitment | Brodard Executive Search","isPartOf":{"@id":"https:\/\/brodardsearch.com\/#website"},"datePublished":"2017-01-22T22:51:31+00:00","dateModified":"2019-06-27T13:37:55+00:00","breadcrumb":{"@id":"https:\/\/brodardsearch.com\/fr\/commitment\/#breadcrumb"},"inLanguage":"fr-FR","potentialAction":[{"@type":"ReadAction","target":["https:\/\/brodardsearch.com\/fr\/commitment\/"]}]},{"@type":"BreadcrumbList","@id":"https:\/\/brodardsearch.com\/fr\/commitment\/#breadcrumb","itemListElement":[{"@type":"ListItem","position":1,"name":"Home","item":"https:\/\/brodardsearch.com\/fr\/home\/"},{"@type":"ListItem","position":2,"name":"Commitment"}]},{"@type":"WebSite","@id":"https:\/\/brodardsearch.com\/#website","url":"https:\/\/brodardsearch.com\/","name":"Brodard Executive Search","description":"World Class Talent","publisher":{"@id":"https:\/\/brodardsearch.com\/#organization"},"potentialAction":[{"@type":"SearchAction","target":{"@type":"EntryPoint","urlTemplate":"https:\/\/brodardsearch.com\/?s={search_term_string}"},"query-input":{"@type":"PropertyValueSpecification","valueRequired":true,"valueName":"search_term_string"}}],"inLanguage":"fr-FR"},{"@type":"Organization","@id":"https:\/\/brodardsearch.com\/#organization","name":"Brodard Executive Search","url":"https:\/\/brodardsearch.com\/","logo":{"@type":"ImageObject","inLanguage":"fr-FR","@id":"https:\/\/brodardsearch.com\/#\/schema\/logo\/image\/","url":"https:\/\/brodardsearch.com\/wp-content\/uploads\/2018\/02\/siteicon.png","contentUrl":"https:\/\/brodardsearch.com\/wp-content\/uploads\/2018\/02\/siteicon.png","width":512,"height":512,"caption":"Brodard Executive Search"},"image":{"@id":"https:\/\/brodardsearch.com\/#\/schema\/logo\/image\/"},"sameAs":["https:\/\/www.linkedin.com\/company\/brodard-executive-search"]}]}},"_links":{"self":[{"href":"https:\/\/brodardsearch.com\/fr\/wp-json\/wp\/v2\/pages\/352","targetHints":{"allow":["GET"]}}],"collection":[{"href":"https:\/\/brodardsearch.com\/fr\/wp-json\/wp\/v2\/pages"}],"about":[{"href":"https:\/\/brodardsearch.com\/fr\/wp-json\/wp\/v2\/types\/page"}],"author":[{"embeddable":true,"href":"https:\/\/brodardsearch.com\/fr\/wp-json\/wp\/v2\/users\/3"}],"replies":[{"embeddable":true,"href":"https:\/\/brodardsearch.com\/fr\/wp-json\/wp\/v2\/comments?post=352"}],"version-history":[{"count":0,"href":"https:\/\/brodardsearch.com\/fr\/wp-json\/wp\/v2\/pages\/352\/revisions"}],"wp:attachment":[{"href":"https:\/\/brodardsearch.com\/fr\/wp-json\/wp\/v2\/media?parent=352"}],"curies":[{"name":"wp","href":"https:\/\/api.w.org\/{rel}","templated":true}]}}